{"id":1169,"date":"2019-10-30T11:30:08","date_gmt":"2019-10-30T11:30:08","guid":{"rendered":"http:\/\/gabi.extendstudio.net\/hub\/?page_id=1169"},"modified":"2025-04-14T15:50:29","modified_gmt":"2025-04-14T15:50:29","slug":"contact","status":"publish","type":"page","link":"https:\/\/groupetropicagro.com\/?page_id=1169","title":{"rendered":"contact"},"content":{"rendered":"<div data-colibri-id=\"1169-c1\" class=\"style-813 style-local-1169-c1 position-relative\">\n  <!---->\n  <div data-colibri-component=\"section\" data-colibri-id=\"1169-c2\" id=\"contact-info\" class=\"h-section h-section-global-spacing d-flex align-items-lg-center align-items-md-center align-items-center style-818 style-local-1169-c2 position-relative\">\n    <!---->\n    <!---->\n    <div class=\"h-section-grid-container h-section-boxed-container\">\n      <!---->\n      <div data-colibri-id=\"1169-c3\" class=\"h-row-container gutters-row-lg-2 gutters-row-md-2 gutters-row-2 gutters-row-v-lg-2 gutters-row-v-md-2 gutters-row-v-2 style-819 style-local-1169-c3 position-relative\">\n        <!---->\n        <div class=\"h-row justify-content-lg-center justify-content-md-center justify-content-center align-items-lg-stretch align-items-md-stretch align-items-stretch gutters-col-lg-2 gutters-col-md-2 gutters-col-2 gutters-col-v-lg-2 gutters-col-v-md-2 gutters-col-v-2\">\n          <!---->\n          <div class=\"h-column h-column-container d-flex h-col-lg-4 h-col-md-6 h-col-12 style-820-outer style-local-1169-c4-outer\">\n            <div data-colibri-id=\"1169-c4\" class=\"d-flex h-flex-basis h-column__inner h-px-lg-3 h-px-md-3 h-px-3 v-inner-lg-3 v-inner-md-3 v-inner-3 style-820 style-local-1169-c4 position-relative\">\n              <!---->\n              <!---->\n              <div class=\"w-100 h-y-container h-column__content h-column__v-align flex-basis-100 align-self-lg-start align-self-md-start align-self-start\">\n                <!---->\n                <div data-colibri-id=\"1169-c5\" class=\"h-global-transition-all h-heading style-832 style-local-1169-c5 position-relative h-element\">\n                  <!---->\n                  <div class=\"h-heading__outer style-832 style-local-1169-c5\">\n                    <!---->\n                    <!---->\n                    <h4 class=\"\">OUAGADOUGOU<\/h4>\n                  <\/div>\n                <\/div>\n                <div data-colibri-id=\"1169-c6\" class=\"style-840 style-local-1169-c6 position-relative h-element\">\n                  <!---->\n                <\/div>\n                <div data-colibri-id=\"1169-c7\" class=\"h-text h-text-component style-833 style-local-1169-c7 position-relative h-element\">\n                  <!---->\n                  <!---->\n                  <div class=\"\">\n                    <p>7338 Shady Street<\/p>\n                  <\/div>\n                <\/div>\n                <div data-colibri-id=\"1169-c8\" class=\"h-text h-text-component style-833 style-local-1169-c8 position-relative h-element\">\n                  <!---->\n                  <!---->\n                  <div class=\"\">\n                    <p>Orchard Park, NY 14127<\/p>\n                  <\/div>\n                <\/div>\n                <div data-colibri-id=\"1169-c9\" class=\"h-x-container style-835 style-local-1169-c9 position-relative h-element\">\n                  <!---->\n                  <div class=\"h-x-container-inner style-dynamic-1169-c9-group style-835-spacing style-local-1169-c9-spacing\"><span class=\"h-link__outer style-836-outer style-local-1169-c10-outer d-inline-flex h-element\"><a h-use-smooth-scroll=\"true\" href=\"tel: 123456789\"  data-colibri-id=\"1169-c10\" class=\"d-flex w-100 align-items-center h-link style-836 style-local-1169-c10 position-relative\"><!----><!----> <span>00226 00 00 00<\/span><\/a>\n                    <\/span>\n                  <\/div>\n                <\/div>\n                <div data-colibri-id=\"1169-c11\" class=\"h-x-container style-864 style-local-1169-c11 position-relative h-element\">\n                  <!---->\n                  <div class=\"h-x-container-inner style-dynamic-1169-c11-group style-864-spacing style-local-1169-c11-spacing\"><span class=\"h-link__outer style-871-outer style-local-1169-c12-outer d-inline-flex h-element\"><a h-use-smooth-scroll=\"true\" href=\"\"  data-colibri-id=\"1169-c12\" class=\"d-flex w-100 align-items-center h-link style-871 style-local-1169-c12 position-relative\"><!----><!----> <span>info@groupetropicagro.com<\/span><\/a>\n                    <\/span>\n                  <\/div>\n                <\/div>\n                <div data-colibri-id=\"1169-c13\" class=\"style-840 style-local-1169-c13 position-relative h-element\">\n                  <!---->\n                <\/div>\n              <\/div>\n            <\/div>\n          <\/div>\n          <div class=\"h-column h-column-container d-flex h-col-lg-4 h-col-md-6 h-col-12 style-820-outer style-local-1169-c14-outer\">\n            <div data-colibri-id=\"1169-c14\" class=\"d-flex h-flex-basis h-column__inner h-px-lg-3 h-px-md-3 h-px-3 v-inner-lg-3 v-inner-md-3 v-inner-3 style-820 style-local-1169-c14 position-relative\">\n              <!---->\n              <!---->\n              <div class=\"w-100 h-y-container h-column__content h-column__v-align flex-basis-100 align-self-lg-start align-self-md-start align-self-start\">\n                <!---->\n                <div data-colibri-id=\"1169-c15\" class=\"h-global-transition-all h-heading style-832 style-local-1169-c15 position-relative h-element\">\n                  <!---->\n                  <div class=\"h-heading__outer style-832 style-local-1169-c15\">\n                    <!---->\n                    <!---->\n                    <h4 class=\"\">BOBODIOULASSO<\/h4>\n                  <\/div>\n                <\/div>\n                <div data-colibri-id=\"1169-c16\" class=\"style-840 style-local-1169-c16 position-relative h-element\">\n                  <!---->\n                <\/div>\n                <div data-colibri-id=\"1169-c17\" class=\"h-text h-text-component style-833 style-local-1169-c17 position-relative h-element\">\n                  <!---->\n                  <!---->\n                  <div class=\"\">\n                    <p>7662 Glen Eagles<\/p>\n                  <\/div>\n                <\/div>\n                <div data-colibri-id=\"1169-c18\" class=\"h-text h-text-component style-833 style-local-1169-c18 position-relative h-element\">\n                  <!---->\n                  <!---->\n                  <div class=\"\">\n                    <p>Dr. Chicopee, MA 01020<\/p>\n                  <\/div>\n                <\/div>\n                <div data-colibri-id=\"1169-c19\" class=\"h-x-container style-835 style-local-1169-c19 position-relative h-element\">\n                  <!---->\n                  <div class=\"h-x-container-inner style-dynamic-1169-c19-group style-835-spacing style-local-1169-c19-spacing\"><span class=\"h-link__outer style-836-outer style-local-1169-c20-outer d-inline-flex h-element\"><a h-use-smooth-scroll=\"true\" href=\"\"  data-colibri-id=\"1169-c20\" class=\"d-flex w-100 align-items-center h-link style-836 style-local-1169-c20 position-relative\"><!----><!----> <span>00226 00 00 00<\/span><\/a>\n                    <\/span>\n                  <\/div>\n                <\/div>\n                <div data-colibri-id=\"1169-c21\" class=\"h-x-container style-866 style-local-1169-c21 position-relative h-element\">\n                  <!---->\n                  <div class=\"h-x-container-inner style-dynamic-1169-c21-group style-866-spacing style-local-1169-c21-spacing\"><span class=\"h-link__outer style-871-outer style-local-1169-c22-outer d-inline-flex h-element\"><a h-use-smooth-scroll=\"true\" href=\"\"  data-colibri-id=\"1169-c22\" class=\"d-flex w-100 align-items-center h-link style-871 style-local-1169-c22 position-relative\"><!----><!----> <span>info@groupetropicagro.com<\/span><\/a>\n                    <\/span>\n                  <\/div>\n                <\/div>\n                <div data-colibri-id=\"1169-c23\" class=\"style-840 style-local-1169-c23 position-relative h-element\">\n                  <!---->\n                <\/div>\n              <\/div>\n            <\/div>\n          <\/div>\n          <div class=\"h-column h-column-container d-flex h-col-lg-4 h-col-md-6 h-col-12 style-820-outer style-local-1169-c24-outer\">\n            <div data-colibri-id=\"1169-c24\" class=\"d-flex h-flex-basis h-column__inner h-px-lg-3 h-px-md-3 h-px-3 v-inner-lg-3 v-inner-md-3 v-inner-3 style-820 style-local-1169-c24 position-relative\">\n              <!---->\n              <!---->\n              <div class=\"w-100 h-y-container h-column__content h-column__v-align flex-basis-100 align-self-lg-start align-self-md-start align-self-start\">\n                <!---->\n                <div data-colibri-id=\"1169-c25\" class=\"h-global-transition-all h-heading style-832 style-local-1169-c25 position-relative h-element\">\n                  <!---->\n                  <div class=\"h-heading__outer style-832 style-local-1169-c25\">\n                    <!---->\n                    <!---->\n                    <h4 class=\"\">HOUNDE<\/h4>\n                  <\/div>\n                <\/div>\n                <div data-colibri-id=\"1169-c26\" class=\"style-840 style-local-1169-c26 position-relative h-element\">\n                  <!---->\n                <\/div>\n                <div data-colibri-id=\"1169-c27\" class=\"h-text h-text-component style-833 style-local-1169-c27 position-relative h-element\">\n                  <!---->\n                  <!---->\n                  <div class=\"\">\n                    <p>79 Winding Way<\/p>\n                  <\/div>\n                <\/div>\n                <div data-colibri-id=\"1169-c28\" class=\"h-text h-text-component style-833 style-local-1169-c28 position-relative h-element\">\n                  <!---->\n                  <!---->\n                  <div class=\"\">\n                    <p>St. Lafayette, IN 47905<\/p>\n                  <\/div>\n                <\/div>\n                <div data-colibri-id=\"1169-c29\" class=\"h-x-container style-835 style-local-1169-c29 position-relative h-element\">\n                  <!---->\n                  <div class=\"h-x-container-inner style-dynamic-1169-c29-group style-835-spacing style-local-1169-c29-spacing\"><span class=\"h-link__outer style-836-outer style-local-1169-c30-outer d-inline-flex h-element\"><a h-use-smooth-scroll=\"true\" href=\"tel: 123456789\"  data-colibri-id=\"1169-c30\" class=\"d-flex w-100 align-items-center h-link style-836 style-local-1169-c30 position-relative\"><!----><!----> <span>00226 00 00 00<\/span><\/a>\n                    <\/span>\n                  <\/div>\n                <\/div>\n                <div data-colibri-id=\"1169-c31\" class=\"h-x-container style-869 style-local-1169-c31 position-relative h-element\">\n                  <!---->\n                  <div class=\"h-x-container-inner style-dynamic-1169-c31-group style-869-spacing style-local-1169-c31-spacing\"><span class=\"h-link__outer style-871-outer style-local-1169-c32-outer d-inline-flex h-element\"><a h-use-smooth-scroll=\"true\" href=\"\"  data-colibri-id=\"1169-c32\" class=\"d-flex w-100 align-items-center h-link style-871 style-local-1169-c32 position-relative\"><!----><!----> <span>info@groupetropicagro.com<\/span><\/a>\n                    <\/span>\n                  <\/div>\n                <\/div>\n                <div data-colibri-id=\"1169-c33\" class=\"style-840 style-local-1169-c33 position-relative h-element\">\n                  <!---->\n                <\/div>\n              <\/div>\n            <\/div>\n          <\/div>\n        <\/div>\n      <\/div>\n    <\/div>\n  <\/div>\n  <div data-colibri-component=\"section\" data-colibri-id=\"1169-c34\" id=\"contact-form\" class=\"h-section h-section-global-spacing d-flex align-items-lg-center align-items-md-center align-items-center style-823 style-local-1169-c34 position-relative\">\n    <!---->\n    <!---->\n    <div class=\"h-section-grid-container h-section-boxed-container\">\n      <div data-colibri-id=\"1169-c38\" class=\"h-row-container gutters-row-lg-2 gutters-row-md-2 gutters-row-2 gutters-row-v-lg-2 gutters-row-v-md-2 gutters-row-v-2 style-828 style-local-1169-c38 position-relative\">\n        <!---->\n        <div class=\"h-row justify-content-lg-center justify-content-md-center justify-content-center align-items-lg-stretch align-items-md-stretch align-items-stretch gutters-col-lg-2 gutters-col-md-2 gutters-col-2 gutters-col-v-lg-2 gutters-col-v-md-2 gutters-col-v-2\">\n          <!---->\n          <div class=\"h-column h-column-container d-flex h-col-lg-auto h-col-md-auto h-col-auto style-829-outer style-local-1169-c39-outer\">\n            <div data-colibri-id=\"1169-c39\" class=\"d-flex h-flex-basis h-column__inner h-px-lg-2 h-px-md-2 h-px-2 v-inner-lg-2 v-inner-md-2 v-inner-2 style-829 style-local-1169-c39 position-relative\">\n              <!---->\n              <!---->\n              <div class=\"w-100 h-y-container h-column__content h-column__v-align flex-basis-100 align-self-lg-start align-self-md-start align-self-start\">\n                <!---->\n                <div data-colibri-id=\"1169-c40\" class=\"h-global-transition-all h-heading style-830 style-local-1169-c40 position-relative h-element\">\n                  <!---->\n                  <div class=\"h-heading__outer style-830 style-local-1169-c40\">\n                    <!---->\n                    <!---->\n                    <h2 class=\"\">Envoyez-nous un messsage<\/h2>\n                  <\/div>\n                <\/div>\n              <\/div>\n            <\/div>\n          <\/div>\n        <\/div>\n      <\/div>\n      <div data-colibri-id=\"1169-c35\" class=\"h-row-container gutters-row-lg-2 gutters-row-md-2 gutters-row-2 gutters-row-v-lg-2 gutters-row-v-md-2 gutters-row-v-2 style-824 style-local-1169-c35 position-relative\">\n        <!---->\n        <div class=\"h-row justify-content-lg-center justify-content-md-center justify-content-center align-items-lg-stretch align-items-md-stretch align-items-stretch gutters-col-lg-2 gutters-col-md-2 gutters-col-2 gutters-col-v-lg-2 gutters-col-v-md-2 gutters-col-v-2\">\n          <!---->\n          <div class=\"h-column h-column-container d-flex h-col-lg-auto h-col-md-auto h-col-auto style-825-outer style-local-1169-c36-outer\">\n            <div data-colibri-id=\"1169-c36\" class=\"d-flex h-flex-basis h-column__inner h-px-lg-2 h-px-md-2 h-px-2 v-inner-lg-2 v-inner-md-2 v-inner-2 style-825 style-local-1169-c36 position-relative\">\n              <!---->\n              <!---->\n              <div class=\"w-100 h-y-container h-column__content h-column__v-align flex-basis-100 align-self-lg-start align-self-md-start align-self-start\">\n                <!---->\n                <div data-colibri-id=\"1169-c37\" class=\"h-contact-form__outer--forminator style-827 style-local-1169-c37 position-relative h-element\">\n                  <!---->\n                  <div class=\"h-global-transition-all h-global-transition h-global-transition-all h-contact-form-shortcode\"><div class=\"forminator-ui forminator-custom-form forminator-custom-form-280 forminator-design--material  forminator_ajax\" data-forminator-render=\"0\" data-form=\"forminator-module-280\" data-uid=\"69df190d0007e\"><br\/><\/div><form\n\t\t\t\tid=\"forminator-module-280\"\n\t\t\t\tclass=\"forminator-ui forminator-custom-form forminator-custom-form-280 forminator-design--material  forminator_ajax\"\n\t\t\t\tmethod=\"post\"\n\t\t\t\tdata-forminator-render=\"0\"\n\t\t\t\tdata-form-id=\"280\"\n\t\t\t\t\n\t\t\t\tdata-design=\"material\"\n\t\t\t\t\n\t\t\t\t\n\t\t\t\t\n\t\t\t\tdata-grid=\"open\"\n\t\t\t\t\n\t\t\t\t\n\t\t\t\tstyle=\"display: none;\"\n\t\t\t\t\n\t\t\t\tdata-uid=\"69df190d0007e\"\n\t\t\t><div role=\"alert\" aria-live=\"polite\" class=\"forminator-response-message forminator-error\" aria-hidden=\"true\"><\/div><div class=\"forminator-row\"><div id=\"name-1\" class=\"forminator-field-name forminator-col forminator-col-12 \"><div class=\"forminator-field\"><label for=\"forminator-field-name-1_69df190d0007e\" id=\"forminator-field-name-1_69df190d0007e-label\" class=\"forminator-label\">Nom et Pr\u00e9nom <span class=\"forminator-required\">*<\/span><\/label><input type=\"text\" name=\"name-1\" value=\"\" placeholder=\"Par exemple\u00a0: OUATTARA Issa\" id=\"forminator-field-name-1_69df190d0007e\" class=\"forminator-input forminator-name--field\" aria-required=\"true\" \/><\/div><\/div><\/div><div class=\"forminator-row\"><div id=\"email-1\" class=\"forminator-field-email forminator-col forminator-col-12 \"><div class=\"forminator-field\"><label for=\"forminator-field-email-1_69df190d0007e\" id=\"forminator-field-email-1_69df190d0007e-label\" class=\"forminator-label\">Adresse de messagerie <span class=\"forminator-required\">*<\/span><\/label><input type=\"email\" name=\"email-1\" value=\"\" placeholder=\"Par exemple\u00a0: ouattis@yahoo.fr\" id=\"forminator-field-email-1_69df190d0007e\" class=\"forminator-input forminator-email--field\" data-required=\"true\" aria-required=\"true\" \/><\/div><\/div><\/div><div class=\"forminator-row\"><div id=\"phone-1\" class=\"forminator-field-phone forminator-col forminator-col-12 \"><div class=\"forminator-field\"><label for=\"forminator-field-phone-1_69df190d0007e\" id=\"forminator-field-phone-1_69df190d0007e-label\" class=\"forminator-label\">Num\u00e9ro de t\u00e9l\u00e9phone<\/label><input type=\"text\" name=\"phone-1\" value=\"\" placeholder=\"Par exemple\u00a0: +1 02 03 04 05\" id=\"forminator-field-phone-1_69df190d0007e\" class=\"forminator-input forminator-field--phone\" data-required=\"\" aria-required=\"false\" autocomplete=\"off\" \/><\/div><\/div><\/div><div class=\"forminator-row\"><div id=\"textarea-1\" class=\"forminator-field-textarea forminator-col forminator-col-12 \"><div class=\"forminator-field\"><label for=\"forminator-field-textarea-1_69df190d0007e\" id=\"forminator-field-textarea-1_69df190d0007e-label\" class=\"forminator-label\">Message<\/label><textarea name=\"textarea-1\" placeholder=\"Saisissez votre message\u2026\" id=\"forminator-field-textarea-1_69df190d0007e\" class=\"forminator-textarea\" rows=\"6\" style=\"min-height:140px;\" maxlength=\"180\" ><\/textarea><span id=\"forminator-field-textarea-1_69df190d0007e-description\" class=\"forminator-description\"><span data-limit=\"180\" data-type=\"characters\" data-editor=\"\">0 \/ 180<\/span><\/span><\/div><\/div><\/div><input type=\"hidden\" name=\"referer_url\" value=\"\" \/><div class=\"forminator-row forminator-row-last\"><div class=\"forminator-col\"><div class=\"forminator-field\"><button class=\"forminator-button forminator-button-submit\"><span>Envoyer le message<\/span><span aria-hidden=\"true\"><\/span><\/button><\/div><\/div><\/div><input type=\"hidden\" id=\"forminator_nonce\" name=\"forminator_nonce\" value=\"9bd728f186\" \/><input type=\"hidden\" name=\"_wp_http_referer\" value=\"\/index.php?rest_route=%2Fwp%2Fv2%2Fpages%2F1169\" \/><input type=\"hidden\" name=\"form_id\" value=\"280\"><input type=\"hidden\" name=\"page_id\" value=\"1169\"><input type=\"hidden\" name=\"form_type\" value=\"default\"><input type=\"hidden\" name=\"current_url\" value=\"https:\/\/groupetropicagro.com\/?page_id=1169\"><input type=\"hidden\" name=\"render_id\" value=\"0\"><input type=\"hidden\" name=\"action\" value=\"forminator_submit_form_custom-forms\"><\/form><\/div>\n                <\/div>\n              <\/div>\n            <\/div>\n          <\/div>\n        <\/div>\n      <\/div>\n    <\/div>\n  <\/div>\n  <div data-colibri-component=\"section\" data-colibri-id=\"1169-c41\" id=\"map\" class=\"h-section h-section-global-spacing d-flex align-items-lg-center align-items-md-center align-items-center style-814 style-local-1169-c41 position-relative\">\n    <!---->\n    <!---->\n    <div class=\"h-section-grid-container h-section-fluid-container\">\n      <!---->\n      <div data-colibri-id=\"1169-c42\" class=\"h-row-container gutters-row-lg-0 gutters-row-md-0 gutters-row-0 gutters-row-v-lg-0 gutters-row-v-md-0 gutters-row-v-0 style-815 style-local-1169-c42 position-relative\">\n        <!---->\n        <div class=\"h-row justify-content-lg-center justify-content-md-center justify-content-center align-items-lg-stretch align-items-md-stretch align-items-stretch gutters-col-lg-0 gutters-col-md-0 gutters-col-0 gutters-col-v-lg-0 gutters-col-v-md-0 gutters-col-v-0\">\n          <!---->\n          <div class=\"h-column h-column-container d-flex h-col-lg-auto h-col-md-auto h-col-auto style-816-outer style-local-1169-c43-outer\">\n            <div data-colibri-id=\"1169-c43\" class=\"d-flex h-flex-basis h-column__inner h-px-lg-0 h-px-md-0 h-px-0 v-inner-lg-0 v-inner-md-0 v-inner-0 style-816 style-local-1169-c43 position-relative\">\n              <!---->\n              <!---->\n              <div class=\"w-100 h-y-container h-column__content h-column__v-align flex-basis-100 align-self-lg-start align-self-md-start align-self-start\">\n                <!---->\n                <div data-colibri-id=\"1169-c44\" class=\"h-map style-817 style-local-1169-c44 position-relative h-element\" style=\"overflow: hidden;\">\n                  <!---->\n                  <iframe src=\"https:\/\/www.google.com\/maps\/embed\/v1\/place?q=New%20YorK,%20America&amp;zoom=10&amp;key=\" class=\"map-iframe\"><\/iframe>\n                <\/div>\n              <\/div>\n            <\/div>\n          <\/div>\n        <\/div>\n      <\/div>\n    <\/div>\n  <\/div>\n<\/div>","protected":false},"excerpt":{"rendered":"<p>OUAGADOUGOU 7338 Shady Street Orchard Park, NY 14127 00226 00 00 00 info@groupetropicagro.com BOBODIOULASSO 7662 Glen Eagles Dr. Chicopee, MA 01020 00226 00 00 00 info@groupetropicagro.com HOUNDE 79 Winding Way St. Lafayette, IN 47905 00226 00 00 00 info@groupetropicagro.com Envoyez-nous un messsage<\/p>\n","protected":false},"author":1,"featured_media":0,"parent":0,"menu_order":0,"comment_status":"closed","ping_status":"closed","template":"page-templates\/full-width-page.php","meta":{"content-type":"","_monsterinsights_skip_tracking":false,"_monsterinsights_sitenote_active":false,"_monsterinsights_sitenote_note":"","_monsterinsights_sitenote_category":0,"footnotes":""},"class_list":["post-1169","page","type-page","status-publish","hentry"],"_links":{"self":[{"href":"https:\/\/groupetropicagro.com\/index.php?rest_route=\/wp\/v2\/pages\/1169","targetHints":{"allow":["GET"]}}],"collection":[{"href":"https:\/\/groupetropicagro.com\/index.php?rest_route=\/wp\/v2\/pages"}],"about":[{"href":"https:\/\/groupetropicagro.com\/index.php?rest_route=\/wp\/v2\/types\/page"}],"author":[{"embeddable":true,"href":"https:\/\/groupetropicagro.com\/index.php?rest_route=\/wp\/v2\/users\/1"}],"replies":[{"embeddable":true,"href":"https:\/\/groupetropicagro.com\/index.php?rest_route=%2Fwp%2Fv2%2Fcomments&post=1169"}],"version-history":[{"count":3,"href":"https:\/\/groupetropicagro.com\/index.php?rest_route=\/wp\/v2\/pages\/1169\/revisions"}],"predecessor-version":[{"id":3386,"href":"https:\/\/groupetropicagro.com\/index.php?rest_route=\/wp\/v2\/pages\/1169\/revisions\/3386"}],"wp:attachment":[{"href":"https:\/\/groupetropicagro.com\/index.php?rest_route=%2Fwp%2Fv2%2Fmedia&parent=1169"}],"curies":[{"name":"wp","href":"https:\/\/api.w.org\/{rel}","templated":true}]}}